{"id":2,"date":"2026-05-11T16:19:50","date_gmt":"2026-05-11T16:19:50","guid":{"rendered":"https:\/\/telnetic.rs\/?page_id=2"},"modified":"2026-05-12T09:13:51","modified_gmt":"2026-05-12T07:13:51","slug":"sample-page","status":"publish","type":"page","link":"https:\/\/telnetic.rs\/","title":{"rendered":""},"content":{"rendered":"\n<h2 class=\"wp-block-heading\">Povezujemo budu\u0107nost. <\/h2>\n\n\n\n<p>Telnetic je vode\u0107i pru\u017ealac telekomunikacionih re\u0161enja u regionu. Sa najsavremenijom infrastrukturom i inovativnim tehnologijama, omogu\u0107avamo kompanijama i institucijama da rade br\u017ee, sigurnije i efikasnije.<\/p>\n\n\n\n<figure class=\"wp-block-gallery has-nested-images columns-default is-cropped wp-block-gallery-1 is-layout-flex wp-block-gallery-is-layout-flex\">\n<figure class=\"wp-block-image size-large\"><img loading=\"lazy\" decoding=\"async\" width=\"1024\" height=\"406\" data-id=\"61\" src=\"https:\/\/telnetic.rs\/wp-content\/uploads\/2026\/05\/13-1024x406.png\" alt=\"\" class=\"wp-image-61\" srcset=\"https:\/\/telnetic.rs\/wp-content\/uploads\/2026\/05\/13-1024x406.png 1024w, https:\/\/telnetic.rs\/wp-content\/uploads\/2026\/05\/13-300x119.png 300w, https:\/\/telnetic.rs\/wp-content\/uploads\/2026\/05\/13-768x304.png 768w, https:\/\/telnetic.rs\/wp-content\/uploads\/2026\/05\/13.png 1229w\" sizes=\"auto, (max-width: 706px) 89vw, (max-width: 767px) 82vw, 740px\" \/><\/figure>\n<\/figure>\n\n\n\n<h2 class=\"wp-block-heading has-text-align-right\">Va\u0161a veza sa sutra\u0161njicom po\u010dinje ovde.<\/h2>\n\n\n\n<p>Telnetic je moderna telekomunikaciona kompanija osnovana sa vizijom da tehnologijom transformi\u0161e na\u010din na koji poslujemo i \u017eivimo. Specijalizovani smo za izgradnju, upravljanje i optimizaciju telekomunikacionih mre\u017ea, pru\u017eaju\u0107i pouzdane, visokobrzinske i sigurne komunikacione usluge.<\/p>\n\n\n\n<figure class=\"wp-block-gallery has-nested-images columns-default is-cropped wp-block-gallery-2 is-layout-flex wp-block-gallery-is-layout-flex\">\n<figure class=\"wp-block-image size-large\"><img loading=\"lazy\" decoding=\"async\" width=\"1024\" height=\"436\" data-id=\"31\" src=\"https:\/\/telnetic.rs\/wp-content\/uploads\/2026\/05\/14-1-1024x436.png\" alt=\"\" class=\"wp-image-31\" srcset=\"https:\/\/telnetic.rs\/wp-content\/uploads\/2026\/05\/14-1-1024x436.png 1024w, https:\/\/telnetic.rs\/wp-content\/uploads\/2026\/05\/14-1-300x128.png 300w, https:\/\/telnetic.rs\/wp-content\/uploads\/2026\/05\/14-1-768x327.png 768w, https:\/\/telnetic.rs\/wp-content\/uploads\/2026\/05\/14-1.png 1202w\" sizes=\"auto, (max-width: 706px) 89vw, (max-width: 767px) 82vw, 740px\" \/><\/figure>\n<\/figure>\n\n\n\n<h2 class=\"wp-block-heading\">O nama<\/h2>\n\n\n\n<p>Sa timom vrhunskih in\u017eenjera i stru\u010dnjaka, kombinujemo globalna znanja sa lokalnim razumevanjem tr\u017ei\u0161ta. Na\u0161 fokus je na inovacijama, odr\u017eivosti i izuzetnom kvalitetu usluge \u2013 jer znamo da u dana\u0161njem svetu svaka sekunda povezanosti ima zna\u010daj.<\/p>\n\n\n\n<figure class=\"wp-block-gallery has-nested-images columns-default is-cropped wp-block-gallery-3 is-layout-flex wp-block-gallery-is-layout-flex\">\n<figure class=\"wp-block-image size-large\"><img loading=\"lazy\" decoding=\"async\" width=\"1024\" height=\"380\" data-id=\"32\" src=\"https:\/\/telnetic.rs\/wp-content\/uploads\/2026\/05\/12-1-1024x380.png\" alt=\"\" class=\"wp-image-32\" srcset=\"https:\/\/telnetic.rs\/wp-content\/uploads\/2026\/05\/12-1-1024x380.png 1024w, https:\/\/telnetic.rs\/wp-content\/uploads\/2026\/05\/12-1-300x111.png 300w, https:\/\/telnetic.rs\/wp-content\/uploads\/2026\/05\/12-1-768x285.png 768w, https:\/\/telnetic.rs\/wp-content\/uploads\/2026\/05\/12-1.png 1199w\" sizes=\"auto, (max-width: 706px) 89vw, (max-width: 767px) 82vw, 740px\" \/><\/figure>\n<\/figure>\n\n\n\n<h2 class=\"wp-block-heading has-text-align-right has-text-color has-link-color wp-elements-b2740f878f160ea737e36e0167649949\" style=\"color:#12004c\">Telnetic \u2013 Inteligentne komunikacije.<\/h2>\n\n\n<div class=\"wp-block-image\">\n<figure class=\"alignright size-full\"><img loading=\"lazy\" decoding=\"async\" width=\"250\" height=\"250\" src=\"https:\/\/telnetic.rs\/wp-content\/uploads\/2026\/05\/cropped-cropped-thumbnail_logo-1.png\" alt=\"\" class=\"wp-image-59\" srcset=\"https:\/\/telnetic.rs\/wp-content\/uploads\/2026\/05\/cropped-cropped-thumbnail_logo-1.png 250w, https:\/\/telnetic.rs\/wp-content\/uploads\/2026\/05\/cropped-cropped-thumbnail_logo-1-150x150.png 150w, https:\/\/telnetic.rs\/wp-content\/uploads\/2026\/05\/cropped-cropped-thumbnail_logo-1-100x100.png 100w\" sizes=\"auto, (max-width: 250px) 100vw, 250px\" \/><\/figure>\n<\/div>\n\n\n<p><\/p>\n","protected":false},"excerpt":{"rendered":"<p>Povezujemo budu\u0107nost. Telnetic je vode\u0107i pru\u017ealac telekomunikacionih re\u0161enja u regionu. Sa najsavremenijom infrastrukturom i inovativnim tehnologijama, omogu\u0107avamo kompanijama i institucijama da rade br\u017ee, sigurnije i efikasnije. Va\u0161a veza sa sutra\u0161njicom po\u010dinje ovde. Telnetic je moderna telekomunikaciona kompanija osnovana sa vizijom da tehnologijom transformi\u0161e na\u010din na koji poslujemo i \u017eivimo. Specijalizovani smo za izgradnju, upravljanje i &hellip; <\/p>\n<p class=\"link-more\"><a href=\"https:\/\/telnetic.rs\/\" class=\"more-link\">Continue reading<span class=\"screen-reader-text\"> &#8220;&#8221;<\/span><\/a><\/p>\n","protected":false},"author":1,"featured_media":26,"parent":0,"menu_order":0,"comment_status":"closed","ping_status":"closed","template":"","meta":{"footnotes":""},"class_list":["post-2","page","type-page","status-publish","has-post-thumbnail","hentry"],"_links":{"self":[{"href":"https:\/\/telnetic.rs\/index.php?rest_route=\/wp\/v2\/pages\/2","targetHints":{"allow":["GET"]}}],"collection":[{"href":"https:\/\/telnetic.rs\/index.php?rest_route=\/wp\/v2\/pages"}],"about":[{"href":"https:\/\/telnetic.rs\/index.php?rest_route=\/wp\/v2\/types\/page"}],"author":[{"embeddable":true,"href":"https:\/\/telnetic.rs\/index.php?rest_route=\/wp\/v2\/users\/1"}],"replies":[{"embeddable":true,"href":"https:\/\/telnetic.rs\/index.php?rest_route=%2Fwp%2Fv2%2Fcomments&post=2"}],"version-history":[{"count":12,"href":"https:\/\/telnetic.rs\/index.php?rest_route=\/wp\/v2\/pages\/2\/revisions"}],"predecessor-version":[{"id":64,"href":"https:\/\/telnetic.rs\/index.php?rest_route=\/wp\/v2\/pages\/2\/revisions\/64"}],"wp:featuredmedia":[{"embeddable":true,"href":"https:\/\/telnetic.rs\/index.php?rest_route=\/wp\/v2\/media\/26"}],"wp:attachment":[{"href":"https:\/\/telnetic.rs\/index.php?rest_route=%2Fwp%2Fv2%2Fmedia&parent=2"}],"curies":[{"name":"wp","href":"https:\/\/api.w.org\/{rel}","templated":true}]}}